{"id":8,"date":"2020-06-24T17:41:10","date_gmt":"2020-06-24T15:41:10","guid":{"rendered":"https:\/\/blog.bobhy.cz\/?page_id=8"},"modified":"2025-02-23T23:15:34","modified_gmt":"2025-02-23T22:15:34","slug":"domu","status":"publish","type":"page","link":"https:\/\/blog.bobhy.cz\/","title":{"rendered":"\u00davodn\u00ed slovo"},"content":{"rendered":"\n<p>V\u00edtejte na Bobhyho soukrom\u00e9m webu. <\/p>\n\n\n<div class=\"wp-block-image\">\n<figure class=\"aligncenter size-large is-resized\"><img loading=\"lazy\" decoding=\"async\" width=\"340\" height=\"250\" src=\"https:\/\/blog.bobhy.cz\/wp-content\/uploads\/2020\/06\/cropped-Bobhy_logo_verze2-2.png\" alt=\"\" class=\"wp-image-101\" style=\"width:196px;height:144px\" srcset=\"https:\/\/blog.bobhy.cz\/wp-content\/uploads\/2020\/06\/cropped-Bobhy_logo_verze2-2.png 340w, https:\/\/blog.bobhy.cz\/wp-content\/uploads\/2020\/06\/cropped-Bobhy_logo_verze2-2-300x221.png 300w\" sizes=\"auto, (max-width: 340px) 100vw, 340px\" \/><\/figure>\n<\/div>\n\n\n<p class=\"has-very-dark-gray-color has-text-color\">Najdete zde p\u0159\u00edsp\u011bvky k projekt\u016fm, kter\u00e9 jsem realizoval, nebo aktu\u00e1ln\u011b tvo\u0159\u00edm. Zejm\u00e9na pak post\u0159ehy ohledn\u011b po\u010d\u00edta\u010dov\u00fdch s\u00edt\u00ed, technologi\u00ed IoT a LoRaWAN a mo\u017en\u00e1 n\u011bco m\u00e1lo dal\u0161\u00edho.<\/p>\n\n\n\n<p>Aktualizace tohoto webu prob\u00edh\u00e1 nepravideln\u011b \ud83d\ude09<\/p>\n","protected":false},"excerpt":{"rendered":"<p>V\u00edtejte na Bobhyho soukrom\u00e9m webu. Najdete zde p\u0159\u00edsp\u011bvky k projekt\u016fm, kter\u00e9 jsem realizoval, nebo aktu\u00e1ln\u011b tvo\u0159\u00edm. Zejm\u00e9na pak post\u0159ehy ohledn\u011b po\u010d\u00edta\u010dov\u00fdch s\u00edt\u00ed, technologi\u00ed IoT a LoRaWAN a mo\u017en\u00e1 n\u011bco m\u00e1lo&#8230;<\/p>\n","protected":false},"author":1,"featured_media":0,"parent":0,"menu_order":0,"comment_status":"closed","ping_status":"closed","template":"","meta":{"footnotes":""},"class_list":["post-8","page","type-page","status-publish","hentry","entry"],"_links":{"self":[{"href":"https:\/\/blog.bobhy.cz\/index.php\/wp-json\/wp\/v2\/pages\/8","targetHints":{"allow":["GET"]}}],"collection":[{"href":"https:\/\/blog.bobhy.cz\/index.php\/wp-json\/wp\/v2\/pages"}],"about":[{"href":"https:\/\/blog.bobhy.cz\/index.php\/wp-json\/wp\/v2\/types\/page"}],"author":[{"embeddable":true,"href":"https:\/\/blog.bobhy.cz\/index.php\/wp-json\/wp\/v2\/users\/1"}],"replies":[{"embeddable":true,"href":"https:\/\/blog.bobhy.cz\/index.php\/wp-json\/wp\/v2\/comments?post=8"}],"version-history":[{"count":7,"href":"https:\/\/blog.bobhy.cz\/index.php\/wp-json\/wp\/v2\/pages\/8\/revisions"}],"predecessor-version":[{"id":362,"href":"https:\/\/blog.bobhy.cz\/index.php\/wp-json\/wp\/v2\/pages\/8\/revisions\/362"}],"wp:attachment":[{"href":"https:\/\/blog.bobhy.cz\/index.php\/wp-json\/wp\/v2\/media?parent=8"}],"curies":[{"name":"wp","href":"https:\/\/api.w.org\/{rel}","templated":true}]}}